{"id":752,"date":"2018-06-14T11:18:33","date_gmt":"2018-06-14T11:18:33","guid":{"rendered":"https:\/\/www.to-ma.at\/?page_id=15"},"modified":"2026-03-16T14:07:06","modified_gmt":"2026-03-16T14:07:06","slug":"standorte","status":"publish","type":"page","link":"https:\/\/www.to-ma.at\/index.php\/standorte\/","title":{"rendered":"STANDORTE"},"content":{"rendered":"<p><div class=\"fusion-fullwidth fullwidth-box fusion-builder-row-1 nonhundred-percent-fullwidth non-hundred-percent-height-scrolling\" style=\"background-color: #153659;background-position: center center;background-repeat: no-repeat;padding-top:0px;padding-right:0px;padding-bottom:0px;padding-left:0px;margin-bottom: 0px;margin-top: 0px;border-width: 0px 0px 0px 0px;border-color:#eae9e9;border-style:solid;\" ><div class=\"fusion-builder-row fusion-row\"><div class=\"fusion-layout-column fusion_builder_column fusion-builder-column-0 fusion_builder_column_1_1 1_1 fusion-one-full fusion-column-first fusion-column-last\" style=\"margin-top:0px;margin-bottom:0px;\"><div class=\"fusion-column-wrapper fusion-flex-column-wrapper-legacy\" style=\"background-position:left top;background-repeat:no-repeat;-webkit-background-size:cover;-moz-background-size:cover;-o-background-size:cover;background-size:cover;padding: 0px 0px 0px 0px;\"><div class=\"fusion-text fusion-text-1\"><h3 style=\"text-align: center;\"><span style=\"color: #ffffff;\">UNSERE STANDORTE IN \u00d6STERREICH<\/span><\/h3>\n<\/div><div class=\"fusion-clearfix\"><\/div><\/div><\/div><\/div><\/div><div class=\"fusion-fullwidth fullwidth-box fusion-builder-row-2 nonhundred-percent-fullwidth non-hundred-percent-height-scrolling\" style=\"background-color: #ffffff;background-position: center center;background-repeat: no-repeat;padding-top:32px;padding-right:0px;padding-bottom:0px;padding-left:0px;margin-bottom: 0px;margin-top: 0px;border-width: 28px 0px 28px 0px;border-color:#ffffff;border-style:solid;\" ><div class=\"fusion-builder-row fusion-row\"><div class=\"fusion-layout-column fusion_builder_column fusion-builder-column-1 fusion_builder_column_1_4 1_4 fusion-one-fourth fusion-column-first fusion-animated\" style=\"width:25%;width:calc(25% - ( ( 4% + 4% + 4% ) * 0.25 ) );margin-right: 4%;margin-top:0px;margin-bottom:20px;\" data-animationType=\"fadeIn\" data-animationDuration=\"0.6\" data-animationOffset=\"100%\"><div class=\"fusion-column-wrapper fusion-flex-column-wrapper-legacy\" style=\"background-position:left top;background-repeat:no-repeat;-webkit-background-size:cover;-moz-background-size:cover;-o-background-size:cover;background-size:cover;padding: 0px 0px 0px 0px;\"><div class=\"imageframe-align-center\"><span class=\" fusion-imageframe imageframe-none imageframe-1 hover-type-none\"><img decoding=\"async\" width=\"130\" height=\"200\" alt=\"Wien\" title=\"Wien\" src=\"data:image\/svg+xml,%3Csvg%20xmlns%3D%27http%3A%2F%2Fwww.w3.org%2F2000%2Fsvg%27%20width%3D%27130%27%20height%3D%27200%27%20viewBox%3D%270%200%20130%20200%27%3E%3Crect%20width%3D%27130%27%20height%3D%27200%27%20fill-opacity%3D%220%22%2F%3E%3C%2Fsvg%3E\" data-orig-src=\"https:\/\/www.to-ma.at\/wp-content\/uploads\/2021\/02\/Wien.png\" class=\"lazyload img-responsive wp-image-1414\"\/><\/span><\/div><div class=\"fusion-text fusion-text-2\"><h3 style=\"text-align: center;\"><strong>Wien<\/strong><\/h3>\n<p style=\"text-align: center;\"><strong>1110 Wien, Sofie-Lazarsfeld-Stra\u00dfe 23<\/strong><\/p>\n<p style=\"text-align: center;\"><strong>1230 Wien, Siebenhirtenstra\u00dfe 19<\/strong><\/p>\n<\/div><div class=\"fusion-clearfix\"><\/div><\/div><\/div><div class=\"fusion-layout-column fusion_builder_column fusion-builder-column-2 fusion_builder_column_1_4 1_4 fusion-one-fourth fusion-animated\" style=\"width:25%;width:calc(25% - ( ( 4% + 4% + 4% ) * 0.25 ) );margin-right: 4%;margin-top:0px;margin-bottom:20px;\" data-animationType=\"fadeIn\" data-animationDuration=\"0.6\" data-animationOffset=\"100%\"><div class=\"fusion-column-wrapper fusion-flex-column-wrapper-legacy\" style=\"background-position:left top;background-repeat:no-repeat;-webkit-background-size:cover;-moz-background-size:cover;-o-background-size:cover;background-size:cover;padding: 0px 14px 0px 16px;\"><div class=\"imageframe-align-center\"><span class=\" fusion-imageframe imageframe-none imageframe-2 hover-type-none\"><img decoding=\"async\" width=\"130\" height=\"200\" alt=\"Nieder\u00f6sterreich Standorte\" src=\"data:image\/svg+xml,%3Csvg%20xmlns%3D%27http%3A%2F%2Fwww.w3.org%2F2000%2Fsvg%27%20width%3D%27130%27%20height%3D%27200%27%20viewBox%3D%270%200%20130%20200%27%3E%3Crect%20width%3D%27130%27%20height%3D%27200%27%20fill-opacity%3D%220%22%2F%3E%3C%2Fsvg%3E\" data-orig-src=\"https:\/\/www.to-ma.at\/wp-content\/uploads\/2020\/11\/Design-ohne-Titel-113.png\" class=\"lazyload img-responsive wp-image-1209\"\/><\/span><\/div><div class=\"fusion-text fusion-text-3\"><h3 style=\"text-align: center;\"><strong>Nieder\u00f6sterreich<\/strong><\/h3>\n<p style=\"text-align: center;\"><strong>2345 Brunn am Gebirge, Feldstr. 12<\/strong><\/p>\n<p style=\"text-align: center;\"><strong>2752 W\u00f6llersdorf, Flugfeldstra\u00dfe 1 (Einfahrt Firma Sanotechnik)<\/strong><\/p>\n<p style=\"text-align: center;\"><strong>2000 Stockerau, Rudolf-Diesel-Stra\u00dfe 1 (1. Einfahrt)<\/strong><\/p>\n<p style=\"text-align: center;\"><strong>2355 Wr. Neudorf, Hondastra\u00dfe 3 (Einfahrt BLAUES TOR)<\/strong><\/p>\n<\/div><div class=\"fusion-clearfix\"><\/div><\/div><\/div><div class=\"fusion-layout-column fusion_builder_column fusion-builder-column-3 fusion_builder_column_1_4 1_4 fusion-one-fourth fusion-animated\" style=\"width:25%;width:calc(25% - ( ( 4% + 4% + 4% ) * 0.25 ) );margin-right: 4%;margin-top:0px;margin-bottom:20px;\" data-animationType=\"fadeIn\" data-animationDuration=\"0.6\" data-animationOffset=\"100%\"><div class=\"fusion-column-wrapper fusion-flex-column-wrapper-legacy\" style=\"background-position:left top;background-repeat:no-repeat;-webkit-background-size:cover;-moz-background-size:cover;-o-background-size:cover;background-size:cover;padding: 0px 0px 0px 0px;\"><div class=\"imageframe-align-center\"><span class=\" fusion-imageframe imageframe-none imageframe-3 hover-type-none\"><img decoding=\"async\" width=\"130\" height=\"200\" alt=\"Steiermark Standorte\" title=\"Steiermark\" src=\"data:image\/svg+xml,%3Csvg%20xmlns%3D%27http%3A%2F%2Fwww.w3.org%2F2000%2Fsvg%27%20width%3D%27130%27%20height%3D%27200%27%20viewBox%3D%270%200%20130%20200%27%3E%3Crect%20width%3D%27130%27%20height%3D%27200%27%20fill-opacity%3D%220%22%2F%3E%3C%2Fsvg%3E\" data-orig-src=\"https:\/\/www.to-ma.at\/wp-content\/uploads\/2021\/02\/Steiermark.png\" class=\"lazyload img-responsive wp-image-1412\"\/><\/span><\/div><div class=\"fusion-text fusion-text-4\"><h3 style=\"text-align: center; --fontSize: 27; line-height: 1.5;\" data-fontsize=\"27\" data-lineheight=\"40.5px\" class=\"fusion-responsive-typography-calculated\"><strong>Steiermark<\/strong><\/h3>\n<p style=\"text-align: center;\"><strong>8055 Graz, Neuseiersbergerstra\u00dfe 155<\/strong><\/p>\n<p style=\"text-align: center;\"><strong>8141 Zettling, Sternweg 22a<\/strong><\/p>\n<\/div><div class=\"fusion-clearfix\"><\/div><\/div><\/div><div class=\"fusion-layout-column fusion_builder_column fusion-builder-column-4 fusion_builder_column_1_4 1_4 fusion-one-fourth fusion-column-last fusion-animated\" style=\"width:25%;width:calc(25% - ( ( 4% + 4% + 4% ) * 0.25 ) );margin-top:0px;margin-bottom:20px;\" data-animationType=\"fadeIn\" data-animationDuration=\"0.6\" data-animationOffset=\"100%\"><div class=\"fusion-column-wrapper fusion-flex-column-wrapper-legacy\" style=\"background-position:left top;background-repeat:no-repeat;-webkit-background-size:cover;-moz-background-size:cover;-o-background-size:cover;background-size:cover;padding: 0px 0px 0px 0px;\"><div class=\"imageframe-align-center\"><span class=\" fusion-imageframe imageframe-none imageframe-4 hover-type-none\"><img decoding=\"async\" width=\"130\" height=\"200\" alt=\"Ober\u00f6sterreich Standorte\" src=\"data:image\/svg+xml,%3Csvg%20xmlns%3D%27http%3A%2F%2Fwww.w3.org%2F2000%2Fsvg%27%20width%3D%27130%27%20height%3D%27200%27%20viewBox%3D%270%200%20130%20200%27%3E%3Crect%20width%3D%27130%27%20height%3D%27200%27%20fill-opacity%3D%220%22%2F%3E%3C%2Fsvg%3E\" data-orig-src=\"https:\/\/www.to-ma.at\/wp-content\/uploads\/2020\/11\/Design-ohne-Titel-120.png\" class=\"lazyload img-responsive wp-image-1219\"\/><\/span><\/div><div class=\"fusion-text fusion-text-5\"><div class=\"heading heading-with-icon icon-left\">\n<h3 style=\"text-align: center;\" data-fontsize=\"22\" data-lineheight=\"27.06px\" data-inline-fontsize=\"22px\" data-inline-lineheight=\"27px\" data-inline-parent-cid=\"46\" data-disable-return=\"true\" data-disable-extra-spaces=\"true\" data-toolbar=\"false\" data-param=\"title\"><strong>Ober\u00f6sterreich<\/strong><\/h3>\n<p class=\"content-box-heading fusion-live-editable fusion-responsive-typography-calculated\" style=\"text-align: center;\" data-fontsize=\"22\" data-lineheight=\"27.06px\" data-inline-fontsize=\"22px\" data-inline-lineheight=\"27px\" data-inline-parent-cid=\"46\" data-disable-return=\"true\" data-disable-extra-spaces=\"true\" data-toolbar=\"false\" data-param=\"title\"><strong><span style=\"font-size: 16px;\">4053 Haid, Auf der Heide 1<\/span><\/strong><\/p>\n<\/div>\n<div class=\"content-container fusion-live-editable\" data-inline-parent-cid=\"46\" data-toolbar=\"full\" data-param=\"element_content\">\n<p style=\"text-align: center;\"><strong>4614 Marchtrenk, Gewerbestra\u00dfe 8<\/strong><\/p>\n<\/div>\n<\/div><div class=\"fusion-clearfix\"><\/div><\/div><\/div><\/div><\/div><div class=\"fusion-fullwidth fullwidth-box fusion-builder-row-3 nonhundred-percent-fullwidth non-hundred-percent-height-scrolling\" style=\"background-color: #ffffff;background-position: center center;background-repeat: no-repeat;padding-top:0px;padding-right:3px;padding-bottom:0px;padding-left:0px;margin-bottom: 0px;margin-top: 0px;border-width: 0px 0px 0px 0px;border-color:#eae9e9;border-style:solid;\" ><div class=\"fusion-builder-row fusion-row\"><\/div><\/div><div class=\"fusion-fullwidth fullwidth-box fusion-builder-row-4 nonhundred-percent-fullwidth non-hundred-percent-height-scrolling\" style=\"background-color: #153659;background-position: center center;background-repeat: no-repeat;padding-top:0px;padding-right:0px;padding-bottom:0px;padding-left:0px;margin-bottom: 0px;margin-top: 0px;border-width: 0px 0px 0px 0px;border-color:#eae9e9;border-style:solid;\" ><div class=\"fusion-builder-row fusion-row\"><div class=\"fusion-layout-column fusion_builder_column fusion-builder-column-5 fusion_builder_column_1_1 1_1 fusion-one-full fusion-column-first fusion-column-last\" style=\"margin-top:0px;margin-bottom:0px;\"><div class=\"fusion-column-wrapper fusion-flex-column-wrapper-legacy\" style=\"background-position:left top;background-repeat:no-repeat;-webkit-background-size:cover;-moz-background-size:cover;-o-background-size:cover;background-size:cover;padding: 0px 0px 0px 0px;\"><div class=\"fusion-text fusion-text-6\"><h3 style=\"text-align: center;\"><span style=\"color: #ffffff;\">UNSERE NIEDERLASSUNGEN EUROPAWEIT<\/span><\/h3>\n<\/div><div class=\"fusion-clearfix\"><\/div><\/div><\/div><\/div><\/div><div class=\"fusion-fullwidth fullwidth-box fusion-builder-row-5 nonhundred-percent-fullwidth non-hundred-percent-height-scrolling\" style=\"background-color: #ffffff;background-position: center center;background-repeat: no-repeat;padding-top:0px;padding-right:0px;padding-bottom:0px;padding-left:0px;margin-bottom: 0px;margin-top: 0px;border-width: 28px 0px 28px 0px;border-color:#ffffff;border-style:solid;\" ><div class=\"fusion-builder-row fusion-row\"><div class=\"fusion-layout-column fusion_builder_column fusion-builder-column-6 fusion_builder_column_1_2 1_2 fusion-one-half fusion-column-first fusion-animated\" style=\"width:50%;width:calc(50% - ( ( 4% ) * 0.5 ) );margin-right: 4%;margin-top:0px;margin-bottom:20px;\" data-animationType=\"fadeIn\" data-animationDuration=\"0.6\" data-animationOffset=\"100%\"><div class=\"fusion-column-wrapper fusion-flex-column-wrapper-legacy\" style=\"background-position:left top;background-repeat:no-repeat;-webkit-background-size:cover;-moz-background-size:cover;-o-background-size:cover;background-size:cover;padding: 0px 0px 0px 0px;\"><div class=\"imageframe-align-center\"><span class=\" fusion-imageframe imageframe-none imageframe-5 hover-type-none\"><img decoding=\"async\" width=\"150\" height=\"100\" alt=\"Serbien Strandorte\" src=\"data:image\/svg+xml,%3Csvg%20xmlns%3D%27http%3A%2F%2Fwww.w3.org%2F2000%2Fsvg%27%20width%3D%27150%27%20height%3D%27100%27%20viewBox%3D%270%200%20150%20100%27%3E%3Crect%20width%3D%27150%27%20height%3D%27100%27%20fill-opacity%3D%220%22%2F%3E%3C%2Fsvg%3E\" data-orig-src=\"https:\/\/www.to-ma.at\/wp-content\/uploads\/2021\/02\/SR.jpg\" class=\"lazyload img-responsive wp-image-1368\"\/><\/span><\/div><div class=\"fusion-text fusion-text-7\"><div class=\"heading heading-with-icon icon-left\">\n<h3 style=\"text-align: center;\" data-fontsize=\"22\" data-lineheight=\"27.06px\" data-inline-fontsize=\"22px\" data-inline-lineheight=\"27px\" data-inline-parent-cid=\"46\" data-disable-return=\"true\" data-disable-extra-spaces=\"true\" data-toolbar=\"false\" data-param=\"title\"><strong>TO-MA Palete Plus d.o.o<\/strong><\/h3>\n<p style=\"text-align: center;\"><strong>22406 Irig, Rumski drum 9<\/strong><\/p>\n<p class=\"content-box-heading fusion-live-editable fusion-responsive-typography-calculated\" style=\"text-align: center;\" data-fontsize=\"22\" data-lineheight=\"27.06px\" data-inline-fontsize=\"22px\" data-inline-lineheight=\"27px\" data-inline-parent-cid=\"46\" data-disable-return=\"true\" data-disable-extra-spaces=\"true\" data-toolbar=\"false\" data-param=\"title\"><strong>Telefon: +381 (0) 605 656 097<\/strong><\/p>\n<p style=\"text-align: center;\" data-fontsize=\"22\" data-lineheight=\"27.06px\" data-inline-fontsize=\"22px\" data-inline-lineheight=\"27px\" data-inline-parent-cid=\"46\" data-disable-return=\"true\" data-disable-extra-spaces=\"true\" data-toolbar=\"false\" data-param=\"title\"><strong>Mail: t.milutinovic@to-ma.at<\/strong><\/p>\n<p class=\"content-box-heading fusion-live-editable fusion-responsive-typography-calculated\" style=\"text-align: center;\" data-fontsize=\"22\" data-lineheight=\"27.06px\" data-inline-fontsize=\"22px\" data-inline-lineheight=\"27px\" data-inline-parent-cid=\"46\" data-disable-return=\"true\" data-disable-extra-spaces=\"true\" data-toolbar=\"false\" data-param=\"title\"><strong>Web: www.to-ma.rs<\/strong><\/p>\n<\/div>\n<\/div><div class=\"fusion-clearfix\"><\/div><\/div><\/div><div class=\"fusion-layout-column fusion_builder_column fusion-builder-column-7 fusion_builder_column_1_2 1_2 fusion-one-half fusion-column-last fusion-animated\" style=\"width:50%;width:calc(50% - ( ( 4% ) * 0.5 ) );margin-top:0px;margin-bottom:20px;\" data-animationType=\"fadeIn\" data-animationDuration=\"0.6\" data-animationOffset=\"100%\"><div class=\"fusion-column-wrapper fusion-flex-column-wrapper-legacy\" style=\"background-position:left top;background-repeat:no-repeat;-webkit-background-size:cover;-moz-background-size:cover;-o-background-size:cover;background-size:cover;padding: 0px 0px 0px 0px;\"><div class=\"imageframe-align-center\"><span class=\" fusion-imageframe imageframe-none imageframe-6 hover-type-none\"><img decoding=\"async\" width=\"150\" height=\"100\" alt=\"Bosnien Standorte\" src=\"data:image\/svg+xml,%3Csvg%20xmlns%3D%27http%3A%2F%2Fwww.w3.org%2F2000%2Fsvg%27%20width%3D%27150%27%20height%3D%27100%27%20viewBox%3D%270%200%20150%20100%27%3E%3Crect%20width%3D%27150%27%20height%3D%27100%27%20fill-opacity%3D%220%22%2F%3E%3C%2Fsvg%3E\" data-orig-src=\"https:\/\/www.to-ma.at\/wp-content\/uploads\/2021\/02\/BIH.jpg\" class=\"lazyload img-responsive wp-image-1372\"\/><\/span><\/div><div class=\"fusion-text fusion-text-8\"><h3 style=\"text-align: center;\"><strong>TO-MA Proizvodno prometno drustvo d.o.o<\/strong><\/h3>\n<p style=\"text-align: center;\"><strong>80260 Drvar, Kordunski put bb.<\/strong><\/p>\n<p style=\"text-align: center;\"><strong>Tel: +387 33 627 056<\/strong><\/p>\n<p style=\"text-align: center;\"><strong>Mail: davorka@to-ma.at<\/strong><\/p>\n<\/div><div class=\"fusion-clearfix\"><\/div><\/div><\/div><\/div><\/div><div class=\"fusion-fullwidth fullwidth-box fusion-builder-row-6 nonhundred-percent-fullwidth non-hundred-percent-height-scrolling\" style=\"background-color: #ffffff;background-position: center center;background-repeat: no-repeat;padding-top:0px;padding-right:0px;padding-bottom:34px;padding-left:0px;margin-bottom: 0px;margin-top: 0px;border-width: 0px 0px 0px 0px;border-color:#eae9e9;border-style:solid;\" ><div class=\"fusion-builder-row fusion-row\"><\/div><\/div><\/p>\n","protected":false},"excerpt":{"rendered":"","protected":false},"author":1,"featured_media":0,"parent":0,"menu_order":0,"comment_status":"closed","ping_status":"closed","template":"100-width.php","meta":{"footnotes":""},"class_list":["post-752","page","type-page","status-publish","hentry"],"yoast_head":"<!-- This site is optimized with the Yoast SEO plugin v23.5 - https:\/\/yoast.com\/wordpress\/plugins\/seo\/ -->\n<title>Standorte - Europaletten, Gitterboxen, Aufsatzrahmen @ TOMA GmbH<\/title>\n<meta name=\"description\" content=\"TOMA GmbH hat \u00fcber 11 Lagerpl\u00e4tze \u00d6sterreichweit. Und besitz ein eigenes Logistik Netzwerk. Nutzen Sie das TOMA Netzwerk.\" \/>\n<meta name=\"robots\" content=\"index, follow, max-snippet:-1, max-image-preview:large, max-video-preview:-1\" \/>\n<link rel=\"canonical\" href=\"https:\/\/www.to-ma.at\/index.php\/standorte\/\" \/>\n<meta property=\"og:locale\" content=\"de_DE\" \/>\n<meta property=\"og:type\" content=\"article\" \/>\n<meta property=\"og:title\" content=\"Standorte - Europaletten, Gitterboxen, Aufsatzrahmen @ TOMA GmbH\" \/>\n<meta property=\"og:description\" content=\"TOMA GmbH hat \u00fcber 11 Lagerpl\u00e4tze \u00d6sterreichweit. Und besitz ein eigenes Logistik Netzwerk. Nutzen Sie das TOMA Netzwerk.\" \/>\n<meta property=\"og:url\" content=\"https:\/\/www.to-ma.at\/index.php\/standorte\/\" \/>\n<meta property=\"og:site_name\" content=\"Europaletten - TOMA GmbH\" \/>\n<meta property=\"article:modified_time\" content=\"2026-03-16T14:07:06+00:00\" \/>\n<meta name=\"twitter:card\" content=\"summary_large_image\" \/>\n<meta name=\"twitter:label1\" content=\"Gesch\u00e4tzte Lesezeit\" \/>\n\t<meta name=\"twitter:data1\" content=\"9\u00a0Minuten\" \/>\n<script type=\"application\/ld+json\" class=\"yoast-schema-graph\">{\"@context\":\"https:\/\/schema.org\",\"@graph\":[{\"@type\":\"WebPage\",\"@id\":\"https:\/\/www.to-ma.at\/index.php\/standorte\/\",\"url\":\"https:\/\/www.to-ma.at\/index.php\/standorte\/\",\"name\":\"Standorte - Europaletten, Gitterboxen, Aufsatzrahmen @ TOMA GmbH\",\"isPartOf\":{\"@id\":\"https:\/\/www.to-ma.at\/#website\"},\"datePublished\":\"2018-06-14T11:18:33+00:00\",\"dateModified\":\"2026-03-16T14:07:06+00:00\",\"description\":\"TOMA GmbH hat \u00fcber 11 Lagerpl\u00e4tze \u00d6sterreichweit. Und besitz ein eigenes Logistik Netzwerk. Nutzen Sie das TOMA Netzwerk.\",\"breadcrumb\":{\"@id\":\"https:\/\/www.to-ma.at\/index.php\/standorte\/#breadcrumb\"},\"inLanguage\":\"de\",\"potentialAction\":[{\"@type\":\"ReadAction\",\"target\":[\"https:\/\/www.to-ma.at\/index.php\/standorte\/\"]}]},{\"@type\":\"BreadcrumbList\",\"@id\":\"https:\/\/www.to-ma.at\/index.php\/standorte\/#breadcrumb\",\"itemListElement\":[{\"@type\":\"ListItem\",\"position\":1,\"name\":\"Startseite\",\"item\":\"https:\/\/www.to-ma.at\/\"},{\"@type\":\"ListItem\",\"position\":2,\"name\":\"STANDORTE\"}]},{\"@type\":\"WebSite\",\"@id\":\"https:\/\/www.to-ma.at\/#website\",\"url\":\"https:\/\/www.to-ma.at\/\",\"name\":\"Europaletten - TOMA GmbH\",\"description\":\"\",\"publisher\":{\"@id\":\"https:\/\/www.to-ma.at\/#organization\"},\"potentialAction\":[{\"@type\":\"SearchAction\",\"target\":{\"@type\":\"EntryPoint\",\"urlTemplate\":\"https:\/\/www.to-ma.at\/?s={search_term_string}\"},\"query-input\":{\"@type\":\"PropertyValueSpecification\",\"valueRequired\":true,\"valueName\":\"search_term_string\"}}],\"inLanguage\":\"de\"},{\"@type\":\"Organization\",\"@id\":\"https:\/\/www.to-ma.at\/#organization\",\"name\":\"TOMA GmbH\",\"url\":\"https:\/\/www.to-ma.at\/\",\"logo\":{\"@type\":\"ImageObject\",\"inLanguage\":\"de\",\"@id\":\"https:\/\/www.to-ma.at\/#\/schema\/logo\/image\/\",\"url\":\"https:\/\/www.to-ma.at\/wp-content\/uploads\/2021\/04\/Tablogo1.jpg\",\"contentUrl\":\"https:\/\/www.to-ma.at\/wp-content\/uploads\/2021\/04\/Tablogo1.jpg\",\"width\":512,\"height\":512,\"caption\":\"TOMA GmbH\"},\"image\":{\"@id\":\"https:\/\/www.to-ma.at\/#\/schema\/logo\/image\/\"},\"sameAs\":[\"https:\/\/www.instagram.com\/toma.paletten\/\"]}]}<\/script>\n<!-- \/ Yoast SEO plugin. -->","yoast_head_json":{"title":"Standorte - Europaletten, Gitterboxen, Aufsatzrahmen @ TOMA GmbH","description":"TOMA GmbH hat \u00fcber 11 Lagerpl\u00e4tze \u00d6sterreichweit. Und besitz ein eigenes Logistik Netzwerk. Nutzen Sie das TOMA Netzwerk.","robots":{"index":"index","follow":"follow","max-snippet":"max-snippet:-1","max-image-preview":"max-image-preview:large","max-video-preview":"max-video-preview:-1"},"canonical":"https:\/\/www.to-ma.at\/index.php\/standorte\/","og_locale":"de_DE","og_type":"article","og_title":"Standorte - Europaletten, Gitterboxen, Aufsatzrahmen @ TOMA GmbH","og_description":"TOMA GmbH hat \u00fcber 11 Lagerpl\u00e4tze \u00d6sterreichweit. Und besitz ein eigenes Logistik Netzwerk. Nutzen Sie das TOMA Netzwerk.","og_url":"https:\/\/www.to-ma.at\/index.php\/standorte\/","og_site_name":"Europaletten - TOMA GmbH","article_modified_time":"2026-03-16T14:07:06+00:00","twitter_card":"summary_large_image","twitter_misc":{"Gesch\u00e4tzte Lesezeit":"9\u00a0Minuten"},"schema":{"@context":"https:\/\/schema.org","@graph":[{"@type":"WebPage","@id":"https:\/\/www.to-ma.at\/index.php\/standorte\/","url":"https:\/\/www.to-ma.at\/index.php\/standorte\/","name":"Standorte - Europaletten, Gitterboxen, Aufsatzrahmen @ TOMA GmbH","isPartOf":{"@id":"https:\/\/www.to-ma.at\/#website"},"datePublished":"2018-06-14T11:18:33+00:00","dateModified":"2026-03-16T14:07:06+00:00","description":"TOMA GmbH hat \u00fcber 11 Lagerpl\u00e4tze \u00d6sterreichweit. Und besitz ein eigenes Logistik Netzwerk. Nutzen Sie das TOMA Netzwerk.","breadcrumb":{"@id":"https:\/\/www.to-ma.at\/index.php\/standorte\/#breadcrumb"},"inLanguage":"de","potentialAction":[{"@type":"ReadAction","target":["https:\/\/www.to-ma.at\/index.php\/standorte\/"]}]},{"@type":"BreadcrumbList","@id":"https:\/\/www.to-ma.at\/index.php\/standorte\/#breadcrumb","itemListElement":[{"@type":"ListItem","position":1,"name":"Startseite","item":"https:\/\/www.to-ma.at\/"},{"@type":"ListItem","position":2,"name":"STANDORTE"}]},{"@type":"WebSite","@id":"https:\/\/www.to-ma.at\/#website","url":"https:\/\/www.to-ma.at\/","name":"Europaletten - TOMA GmbH","description":"","publisher":{"@id":"https:\/\/www.to-ma.at\/#organization"},"potentialAction":[{"@type":"SearchAction","target":{"@type":"EntryPoint","urlTemplate":"https:\/\/www.to-ma.at\/?s={search_term_string}"},"query-input":{"@type":"PropertyValueSpecification","valueRequired":true,"valueName":"search_term_string"}}],"inLanguage":"de"},{"@type":"Organization","@id":"https:\/\/www.to-ma.at\/#organization","name":"TOMA GmbH","url":"https:\/\/www.to-ma.at\/","logo":{"@type":"ImageObject","inLanguage":"de","@id":"https:\/\/www.to-ma.at\/#\/schema\/logo\/image\/","url":"https:\/\/www.to-ma.at\/wp-content\/uploads\/2021\/04\/Tablogo1.jpg","contentUrl":"https:\/\/www.to-ma.at\/wp-content\/uploads\/2021\/04\/Tablogo1.jpg","width":512,"height":512,"caption":"TOMA GmbH"},"image":{"@id":"https:\/\/www.to-ma.at\/#\/schema\/logo\/image\/"},"sameAs":["https:\/\/www.instagram.com\/toma.paletten\/"]}]}},"_links":{"self":[{"href":"https:\/\/www.to-ma.at\/index.php\/wp-json\/wp\/v2\/pages\/752"}],"collection":[{"href":"https:\/\/www.to-ma.at\/index.php\/wp-json\/wp\/v2\/pages"}],"about":[{"href":"https:\/\/www.to-ma.at\/index.php\/wp-json\/wp\/v2\/types\/page"}],"author":[{"embeddable":true,"href":"https:\/\/www.to-ma.at\/index.php\/wp-json\/wp\/v2\/users\/1"}],"replies":[{"embeddable":true,"href":"https:\/\/www.to-ma.at\/index.php\/wp-json\/wp\/v2\/comments?post=752"}],"version-history":[{"count":166,"href":"https:\/\/www.to-ma.at\/index.php\/wp-json\/wp\/v2\/pages\/752\/revisions"}],"predecessor-version":[{"id":3685,"href":"https:\/\/www.to-ma.at\/index.php\/wp-json\/wp\/v2\/pages\/752\/revisions\/3685"}],"wp:attachment":[{"href":"https:\/\/www.to-ma.at\/index.php\/wp-json\/wp\/v2\/media?parent=752"}],"curies":[{"name":"wp","href":"https:\/\/api.w.org\/{rel}","templated":true}]}}