{"id":1204,"date":"2020-11-25T11:28:33","date_gmt":"2020-11-25T11:28:33","guid":{"rendered":"https:\/\/www.to-ma.at\/?page_id=1204"},"modified":"2024-09-25T10:18:39","modified_gmt":"2024-09-25T10:18:39","slug":"aktionen-europaletten-einwegpaletten","status":"publish","type":"page","link":"https:\/\/www.to-ma.at\/index.php\/aktionen-europaletten-einwegpaletten\/","title":{"rendered":"Aktionen &#8211; Europaletten &#8211; Einwegpaletten"},"content":{"rendered":"<div class=\"fusion-fullwidth fullwidth-box fusion-builder-row-1 nonhundred-percent-fullwidth non-hundred-percent-height-scrolling\" style=\"background-color: rgba(255,255,255,0);background-position: center top;background-repeat: no-repeat;padding-top:36px;padding-right:0px;padding-bottom:56px;padding-left:0px;margin-bottom: 0px;margin-top: 0px;border-width: 0px 0px 0px 0px;border-color:#eae9e9;border-style:solid;\" ><div class=\"fusion-builder-row fusion-row\"><div class=\"fusion-layout-column fusion_builder_column fusion-builder-column-0 fusion_builder_column_1_4 1_4 fusion-one-fourth fusion-column-first fusion-animated\" style=\"width:25%;width:calc(25% - ( ( 4% + 4% ) * 0.25 ) );margin-right: 4%;margin-top:0px;margin-bottom:20px;\" data-animationType=\"fadeIn\" data-animationDuration=\"0.6\" data-animationOffset=\"100%\"><div class=\"fusion-column-wrapper fusion-flex-column-wrapper-legacy\" style=\"background-position:left top;background-repeat:no-repeat;-webkit-background-size:cover;-moz-background-size:cover;-o-background-size:cover;background-size:cover;padding: 0px 0px 0px 0px;\"><div class=\"fusion-clearfix\"><\/div><\/div><\/div><div class=\"fusion-layout-column fusion_builder_column fusion-builder-column-1 fusion_builder_column_1_2 1_2 fusion-one-half fusion-animated\" style=\"width:50%;width:calc(50% - ( ( 4% + 4% ) * 0.5 ) );margin-right: 4%;margin-top:0px;margin-bottom:1px;\" data-animationType=\"fadeIn\" data-animationDuration=\"0.6\" data-animationOffset=\"100%\"><div class=\"fusion-column-wrapper fusion-flex-column-wrapper-legacy\" style=\"background-position:left top;background-repeat:no-repeat;-webkit-background-size:cover;-moz-background-size:cover;-o-background-size:cover;background-size:cover;padding: 0px 0px 0px 0px;\"><style type=\"text\/css\">.fusion-gallery-1 .fusion-gallery-image {border:0px solid #e5e5e5;}<\/style><div class=\"fusion-gallery fusion-gallery-container fusion-grid-2 fusion-columns-total-4 fusion-gallery-layout-masonry fusion-gallery-1\" style=\"margin:-5px;\"><div class=\"fusion-grid-column fusion-gallery-column fusion-gallery-column-2 hover-type-zoomin fusion-grid-sizer\"><\/div><div style=\"padding:5px;\" class=\"fusion-grid-column fusion-gallery-column fusion-gallery-column-2 hover-type-zoomin fusion-element-grid\"><div class=\"fusion-gallery-image\"><a href=\"https:\/\/www.to-ma.at\/wp-content\/uploads\/2021\/04\/WhatsApp-Image-2021-04-26-at-11.34.43-1.jpeg\" rel=\"noreferrer\" data-rel=\"iLightbox[gallery_image_1]\" class=\"fusion-lightbox\" target=\"_self\"><div style=\"padding-top:calc((100% + 10px) * 0.8 - 5px);\" class=\"fusion-masonry-element-container lazyload\" data-bg=\"https:\/\/www.to-ma.at\/wp-content\/uploads\/2021\/04\/WhatsApp-Image-2021-04-26-at-11.34.43-1.jpeg\"><img decoding=\"async\" src=\"https:\/\/www.to-ma.at\/wp-content\/uploads\/2021\/04\/WhatsApp-Image-2021-04-26-at-11.34.43-1.jpeg\" data-orig-src=\"https:\/\/www.to-ma.at\/wp-content\/uploads\/2021\/04\/WhatsApp-Image-2021-04-26-at-11.34.43-1.jpeg\" width=\"1200\" height=\"1600\" alt=\"Aktion-Einwegpaletten-Seite\" title=\"WhatsApp Image 2021-04-26 at 11.34.43 (1)\" aria-label=\"WhatsApp Image 2021-04-26 at 11.34.43 (1)\" class=\"lazyload img-responsive wp-image-2906\" srcset=\"data:image\/svg+xml,%3Csvg%20xmlns%3D%27http%3A%2F%2Fwww.w3.org%2F2000%2Fsvg%27%20width%3D%271200%27%20height%3D%271600%27%20viewBox%3D%270%200%201200%201600%27%3E%3Crect%20width%3D%271200%27%20height%3D%271600%27%20fill-opacity%3D%220%22%2F%3E%3C%2Fsvg%3E\" data-srcset=\"https:\/\/www.to-ma.at\/wp-content\/uploads\/2021\/04\/WhatsApp-Image-2021-04-26-at-11.34.43-1-200x267.jpeg 200w, https:\/\/www.to-ma.at\/wp-content\/uploads\/2021\/04\/WhatsApp-Image-2021-04-26-at-11.34.43-1-400x533.jpeg 400w, https:\/\/www.to-ma.at\/wp-content\/uploads\/2021\/04\/WhatsApp-Image-2021-04-26-at-11.34.43-1-600x800.jpeg 600w, https:\/\/www.to-ma.at\/wp-content\/uploads\/2021\/04\/WhatsApp-Image-2021-04-26-at-11.34.43-1-800x1067.jpeg 800w, https:\/\/www.to-ma.at\/wp-content\/uploads\/2021\/04\/WhatsApp-Image-2021-04-26-at-11.34.43-1.jpeg 1200w\" data-sizes=\"auto\" data-orig-sizes=\"(min-width: 2200px) 100vw, (min-width: 732px) 648px, (min-width: 640px) 732px, \" \/><\/div><\/a><\/div><\/div><div style=\"padding:5px;\" class=\"fusion-grid-column fusion-gallery-column fusion-gallery-column-2 hover-type-zoomin fusion-element-grid\"><div class=\"fusion-gallery-image\"><a href=\"https:\/\/www.to-ma.at\/wp-content\/uploads\/2021\/04\/WhatsApp-Image-2021-04-26-at-11.34.43-2.jpeg\" rel=\"noreferrer\" data-rel=\"iLightbox[gallery_image_1]\" class=\"fusion-lightbox\" target=\"_self\"><div style=\"padding-top:calc((100% + 10px) * 0.8 - 5px);\" class=\"fusion-masonry-element-container lazyload\" data-bg=\"https:\/\/www.to-ma.at\/wp-content\/uploads\/2021\/04\/WhatsApp-Image-2021-04-26-at-11.34.43-2.jpeg\"><img decoding=\"async\" src=\"https:\/\/www.to-ma.at\/wp-content\/uploads\/2021\/04\/WhatsApp-Image-2021-04-26-at-11.34.43-2.jpeg\" data-orig-src=\"https:\/\/www.to-ma.at\/wp-content\/uploads\/2021\/04\/WhatsApp-Image-2021-04-26-at-11.34.43-2.jpeg\" width=\"1600\" height=\"1200\" alt=\"Aktion-Einwegpaletten-Vorne\" title=\"\" aria-label=\"\" class=\"lazyload img-responsive wp-image-2907\" srcset=\"data:image\/svg+xml,%3Csvg%20xmlns%3D%27http%3A%2F%2Fwww.w3.org%2F2000%2Fsvg%27%20width%3D%271600%27%20height%3D%271200%27%20viewBox%3D%270%200%201600%201200%27%3E%3Crect%20width%3D%271600%27%20height%3D%271200%27%20fill-opacity%3D%220%22%2F%3E%3C%2Fsvg%3E\" data-srcset=\"https:\/\/www.to-ma.at\/wp-content\/uploads\/2021\/04\/WhatsApp-Image-2021-04-26-at-11.34.43-2-200x150.jpeg 200w, https:\/\/www.to-ma.at\/wp-content\/uploads\/2021\/04\/WhatsApp-Image-2021-04-26-at-11.34.43-2-400x300.jpeg 400w, https:\/\/www.to-ma.at\/wp-content\/uploads\/2021\/04\/WhatsApp-Image-2021-04-26-at-11.34.43-2-600x450.jpeg 600w, https:\/\/www.to-ma.at\/wp-content\/uploads\/2021\/04\/WhatsApp-Image-2021-04-26-at-11.34.43-2-800x600.jpeg 800w, https:\/\/www.to-ma.at\/wp-content\/uploads\/2021\/04\/WhatsApp-Image-2021-04-26-at-11.34.43-2-1200x900.jpeg 1200w, https:\/\/www.to-ma.at\/wp-content\/uploads\/2021\/04\/WhatsApp-Image-2021-04-26-at-11.34.43-2.jpeg 1600w\" data-sizes=\"auto\" data-orig-sizes=\"(min-width: 2200px) 100vw, (min-width: 732px) 648px, (min-width: 640px) 732px, \" \/><\/div><\/a><\/div><\/div><div style=\"padding:5px;\" class=\"fusion-grid-column fusion-gallery-column fusion-gallery-column-2 hover-type-zoomin fusion-element-grid\"><div class=\"fusion-gallery-image\"><a href=\"https:\/\/www.to-ma.at\/wp-content\/uploads\/2024\/09\/PHOTO-2024-09-11-14-06-01.jpg\" rel=\"noreferrer\" data-rel=\"iLightbox[gallery_image_1]\" class=\"fusion-lightbox\" target=\"_self\"><div style=\"padding-top:calc((100% + 10px) * 0.8 - 5px);\" class=\"fusion-masonry-element-container lazyload\" data-bg=\"https:\/\/www.to-ma.at\/wp-content\/uploads\/2024\/09\/PHOTO-2024-09-11-14-06-01.jpg\"><img decoding=\"async\" src=\"https:\/\/www.to-ma.at\/wp-content\/uploads\/2024\/09\/PHOTO-2024-09-11-14-06-01.jpg\" data-orig-src=\"https:\/\/www.to-ma.at\/wp-content\/uploads\/2024\/09\/PHOTO-2024-09-11-14-06-01.jpg\" width=\"960\" height=\"1280\" alt=\"\" title=\"PHOTO-2024-09-11-14-06-01\" aria-label=\"PHOTO-2024-09-11-14-06-01\" class=\"lazyload img-responsive wp-image-3670\" srcset=\"data:image\/svg+xml,%3Csvg%20xmlns%3D%27http%3A%2F%2Fwww.w3.org%2F2000%2Fsvg%27%20width%3D%27960%27%20height%3D%271280%27%20viewBox%3D%270%200%20960%201280%27%3E%3Crect%20width%3D%27960%27%20height%3D%271280%27%20fill-opacity%3D%220%22%2F%3E%3C%2Fsvg%3E\" data-srcset=\"https:\/\/www.to-ma.at\/wp-content\/uploads\/2024\/09\/PHOTO-2024-09-11-14-06-01-200x267.jpg 200w, https:\/\/www.to-ma.at\/wp-content\/uploads\/2024\/09\/PHOTO-2024-09-11-14-06-01-400x533.jpg 400w, https:\/\/www.to-ma.at\/wp-content\/uploads\/2024\/09\/PHOTO-2024-09-11-14-06-01-600x800.jpg 600w, https:\/\/www.to-ma.at\/wp-content\/uploads\/2024\/09\/PHOTO-2024-09-11-14-06-01-800x1067.jpg 800w, https:\/\/www.to-ma.at\/wp-content\/uploads\/2024\/09\/PHOTO-2024-09-11-14-06-01.jpg 960w\" data-sizes=\"auto\" data-orig-sizes=\"(min-width: 2200px) 100vw, (min-width: 732px) 648px, (min-width: 640px) 732px, \" \/><\/div><\/a><\/div><\/div><div style=\"padding:5px;\" class=\"fusion-grid-column fusion-gallery-column fusion-gallery-column-2 hover-type-zoomin fusion-element-grid\"><div class=\"fusion-gallery-image\"><a href=\"https:\/\/www.to-ma.at\/wp-content\/uploads\/2024\/09\/PHOTO-2024-09-11-14-06-011.jpg\" rel=\"noreferrer\" data-rel=\"iLightbox[gallery_image_1]\" class=\"fusion-lightbox\" target=\"_self\"><div style=\"padding-top:calc((100% + 10px) * 0.8 - 5px);\" class=\"fusion-masonry-element-container lazyload\" data-bg=\"https:\/\/www.to-ma.at\/wp-content\/uploads\/2024\/09\/PHOTO-2024-09-11-14-06-011.jpg\"><img decoding=\"async\" src=\"https:\/\/www.to-ma.at\/wp-content\/uploads\/2024\/09\/PHOTO-2024-09-11-14-06-011.jpg\" data-orig-src=\"https:\/\/www.to-ma.at\/wp-content\/uploads\/2024\/09\/PHOTO-2024-09-11-14-06-011.jpg\" width=\"960\" height=\"1280\" alt=\"\" title=\"PHOTO-2024-09-11-14-06-011\" aria-label=\"PHOTO-2024-09-11-14-06-011\" class=\"lazyload img-responsive wp-image-3671\" srcset=\"data:image\/svg+xml,%3Csvg%20xmlns%3D%27http%3A%2F%2Fwww.w3.org%2F2000%2Fsvg%27%20width%3D%27960%27%20height%3D%271280%27%20viewBox%3D%270%200%20960%201280%27%3E%3Crect%20width%3D%27960%27%20height%3D%271280%27%20fill-opacity%3D%220%22%2F%3E%3C%2Fsvg%3E\" data-srcset=\"https:\/\/www.to-ma.at\/wp-content\/uploads\/2024\/09\/PHOTO-2024-09-11-14-06-011-200x267.jpg 200w, https:\/\/www.to-ma.at\/wp-content\/uploads\/2024\/09\/PHOTO-2024-09-11-14-06-011-400x533.jpg 400w, https:\/\/www.to-ma.at\/wp-content\/uploads\/2024\/09\/PHOTO-2024-09-11-14-06-011-600x800.jpg 600w, https:\/\/www.to-ma.at\/wp-content\/uploads\/2024\/09\/PHOTO-2024-09-11-14-06-011-800x1067.jpg 800w, https:\/\/www.to-ma.at\/wp-content\/uploads\/2024\/09\/PHOTO-2024-09-11-14-06-011.jpg 960w\" data-sizes=\"auto\" data-orig-sizes=\"(min-width: 2200px) 100vw, (min-width: 732px) 648px, (min-width: 640px) 732px, \" \/><\/div><\/a><\/div><\/div><\/div><div class=\"fusion-sep-clear\"><\/div><div class=\"fusion-separator fusion-full-width-sep\" style=\"margin-left: auto;margin-right: auto;margin-top:15px;margin-bottom:15px;width:100%;\"><\/div><div class=\"fusion-sep-clear\"><\/div><style type=\"text\/css\"><\/style><div class=\"fusion-title title fusion-title-1 fusion-sep-none fusion-title-center fusion-title-text fusion-title-size-three\" style=\"margin-top:0px;margin-right:0px;margin-bottom:31px;margin-left:0px;\"><h3 class=\"title-heading-center fusion-responsive-typography-calculated\" style=\"margin:0;color:#212934;--fontSize:27;line-height:1.5;\"><p style=\"text-align: center;\">EINWEGPALETTEN 120 x 80<\/p>\n<p style=\"text-align: center;\">&amp;<\/p>\n<p style=\"text-align: center;\">EINWEGPALETTEN 120 x 100<\/p>\n<p style=\"text-align: center;\">GEBRAUCHT<\/p><\/h3><\/div><div class=\"fusion-text fusion-text-1\"><p style=\"text-align: center;\">Einwegpaletten sind kosteng\u00fcnstig und verursachen keinerlei Tauschkosten oder Verwaltungsaufwand. Da sie keiner Norm entsprechen m\u00fcssen, sind sie in den verschiedensten Varianten erh\u00e4ltlich. Einwegpaletten sind f\u00fcr den einmaligen Transport vorgesehen, jedoch kann man sie in der Regel auch mehrfach verwenden.<\/p>\n<\/div><div class=\"fusion-aligncenter\"><style type=\"text\/css\">.fusion-button.button-1 {border-radius:25px;}.fusion-button.button-1.button-3d{-webkit-box-shadow: inset 0px 1px 0px #fff,0px 4px 0px #153659,1px 6px 6px 3px rgba(0,0,0,0.3);-moz-box-shadow: inset 0px 1px 0px #fff,0px 4px 0px #153659,1px 6px 6px 3px rgba(0,0,0,0.3);box-shadow: inset 0px 1px 0px #fff,0px 4px 0px #153659,1px 6px 6px 3px rgba(0,0,0,0.3);}.button-1.button-3d:active{-webkit-box-shadow: inset 0px 1px 0px #fff,0px 4px 0px #153659,1px 6px 6px 3px rgba(0,0,0,0.3);-moz-box-shadow: inset 0px 1px 0px #fff,0px 4px 0px #153659,1px 6px 6px 3px rgba(0,0,0,0.3);box-shadow: inset 0px 1px 0px #fff,0px 4px 0px #153659,1px 6px 6px 3px rgba(0,0,0,0.3);}<\/style><a class=\"fusion-button button-3d fusion-button-default-size button-default button-1 fusion-button-default-span \" target=\"_blank\" rel=\"noopener noreferrer\" href=\"https:\/\/www.to-ma.at\/index.php\/contact_aktionen\/\"><span class=\"fusion-button-text\">Jetzt Anfragen!<\/span><\/a><\/div><div class=\"fusion-clearfix\"><\/div><\/div><\/div><div class=\"fusion-layout-column fusion_builder_column fusion-builder-column-2 fusion_builder_column_1_4 1_4 fusion-one-fourth fusion-column-last fusion-animated\" style=\"width:25%;width:calc(25% - ( ( 4% + 4% ) * 0.25 ) );margin-top:0px;margin-bottom:20px;\" data-animationType=\"fadeIn\" data-animationDuration=\"0.6\" data-animationOffset=\"100%\"><div class=\"fusion-column-wrapper fusion-flex-column-wrapper-legacy\" style=\"background-position:left top;background-repeat:no-repeat;-webkit-background-size:cover;-moz-background-size:cover;-o-background-size:cover;background-size:cover;padding: 0px 0px 0px 0px;\"><div class=\"fusion-clearfix\"><\/div><\/div><\/div><\/div><\/div>\n","protected":false},"excerpt":{"rendered":"","protected":false},"author":1,"featured_media":0,"parent":0,"menu_order":0,"comment_status":"closed","ping_status":"closed","template":"100-width.php","meta":{"footnotes":""},"class_list":["post-1204","page","type-page","status-publish","hentry"],"yoast_head":"<!-- This site is optimized with the Yoast SEO plugin v23.5 - https:\/\/yoast.com\/wordpress\/plugins\/seo\/ -->\n<title>Aktionen - Europaletten - Einwegpaletten - verg\u00fcnstigte Ladungstr\u00e4ger<\/title>\n<meta name=\"description\" content=\"Besuchen Sie unsere Aktionen und finden Sie verg\u00fcnstigte Ladungstr\u00e4ger bei der TOMA GmbH\" \/>\n<meta name=\"robots\" content=\"index, follow, max-snippet:-1, max-image-preview:large, max-video-preview:-1\" \/>\n<link rel=\"canonical\" href=\"https:\/\/www.to-ma.at\/index.php\/aktionen-europaletten-einwegpaletten\/\" \/>\n<meta property=\"og:locale\" content=\"de_DE\" \/>\n<meta property=\"og:type\" content=\"article\" \/>\n<meta property=\"og:title\" content=\"Aktionen - Europaletten - Einwegpaletten - verg\u00fcnstigte Ladungstr\u00e4ger\" \/>\n<meta property=\"og:description\" content=\"Besuchen Sie unsere Aktionen und finden Sie verg\u00fcnstigte Ladungstr\u00e4ger bei der TOMA GmbH\" \/>\n<meta property=\"og:url\" content=\"https:\/\/www.to-ma.at\/index.php\/aktionen-europaletten-einwegpaletten\/\" \/>\n<meta property=\"og:site_name\" content=\"Europaletten - TOMA GmbH\" \/>\n<meta property=\"article:modified_time\" content=\"2024-09-25T10:18:39+00:00\" \/>\n<meta name=\"twitter:card\" content=\"summary_large_image\" \/>\n<meta name=\"twitter:label1\" content=\"Gesch\u00e4tzte Lesezeit\" \/>\n\t<meta name=\"twitter:data1\" content=\"2\u00a0Minuten\" \/>\n<script type=\"application\/ld+json\" class=\"yoast-schema-graph\">{\"@context\":\"https:\/\/schema.org\",\"@graph\":[{\"@type\":\"WebPage\",\"@id\":\"https:\/\/www.to-ma.at\/index.php\/aktionen-europaletten-einwegpaletten\/\",\"url\":\"https:\/\/www.to-ma.at\/index.php\/aktionen-europaletten-einwegpaletten\/\",\"name\":\"Aktionen - Europaletten - Einwegpaletten - verg\u00fcnstigte Ladungstr\u00e4ger\",\"isPartOf\":{\"@id\":\"https:\/\/www.to-ma.at\/#website\"},\"datePublished\":\"2020-11-25T11:28:33+00:00\",\"dateModified\":\"2024-09-25T10:18:39+00:00\",\"description\":\"Besuchen Sie unsere Aktionen und finden Sie verg\u00fcnstigte Ladungstr\u00e4ger bei der TOMA GmbH\",\"breadcrumb\":{\"@id\":\"https:\/\/www.to-ma.at\/index.php\/aktionen-europaletten-einwegpaletten\/#breadcrumb\"},\"inLanguage\":\"de\",\"potentialAction\":[{\"@type\":\"ReadAction\",\"target\":[\"https:\/\/www.to-ma.at\/index.php\/aktionen-europaletten-einwegpaletten\/\"]}]},{\"@type\":\"BreadcrumbList\",\"@id\":\"https:\/\/www.to-ma.at\/index.php\/aktionen-europaletten-einwegpaletten\/#breadcrumb\",\"itemListElement\":[{\"@type\":\"ListItem\",\"position\":1,\"name\":\"Startseite\",\"item\":\"https:\/\/www.to-ma.at\/\"},{\"@type\":\"ListItem\",\"position\":2,\"name\":\"Aktionen &#8211; Europaletten &#8211; Einwegpaletten\"}]},{\"@type\":\"WebSite\",\"@id\":\"https:\/\/www.to-ma.at\/#website\",\"url\":\"https:\/\/www.to-ma.at\/\",\"name\":\"Europaletten - TOMA GmbH\",\"description\":\"\",\"publisher\":{\"@id\":\"https:\/\/www.to-ma.at\/#organization\"},\"potentialAction\":[{\"@type\":\"SearchAction\",\"target\":{\"@type\":\"EntryPoint\",\"urlTemplate\":\"https:\/\/www.to-ma.at\/?s={search_term_string}\"},\"query-input\":{\"@type\":\"PropertyValueSpecification\",\"valueRequired\":true,\"valueName\":\"search_term_string\"}}],\"inLanguage\":\"de\"},{\"@type\":\"Organization\",\"@id\":\"https:\/\/www.to-ma.at\/#organization\",\"name\":\"TOMA GmbH\",\"url\":\"https:\/\/www.to-ma.at\/\",\"logo\":{\"@type\":\"ImageObject\",\"inLanguage\":\"de\",\"@id\":\"https:\/\/www.to-ma.at\/#\/schema\/logo\/image\/\",\"url\":\"https:\/\/www.to-ma.at\/wp-content\/uploads\/2021\/04\/Tablogo1.jpg\",\"contentUrl\":\"https:\/\/www.to-ma.at\/wp-content\/uploads\/2021\/04\/Tablogo1.jpg\",\"width\":512,\"height\":512,\"caption\":\"TOMA GmbH\"},\"image\":{\"@id\":\"https:\/\/www.to-ma.at\/#\/schema\/logo\/image\/\"},\"sameAs\":[\"https:\/\/www.instagram.com\/toma.paletten\/\"]}]}<\/script>\n<!-- \/ Yoast SEO plugin. -->","yoast_head_json":{"title":"Aktionen - Europaletten - Einwegpaletten - verg\u00fcnstigte Ladungstr\u00e4ger","description":"Besuchen Sie unsere Aktionen und finden Sie verg\u00fcnstigte Ladungstr\u00e4ger bei der TOMA GmbH","robots":{"index":"index","follow":"follow","max-snippet":"max-snippet:-1","max-image-preview":"max-image-preview:large","max-video-preview":"max-video-preview:-1"},"canonical":"https:\/\/www.to-ma.at\/index.php\/aktionen-europaletten-einwegpaletten\/","og_locale":"de_DE","og_type":"article","og_title":"Aktionen - Europaletten - Einwegpaletten - verg\u00fcnstigte Ladungstr\u00e4ger","og_description":"Besuchen Sie unsere Aktionen und finden Sie verg\u00fcnstigte Ladungstr\u00e4ger bei der TOMA GmbH","og_url":"https:\/\/www.to-ma.at\/index.php\/aktionen-europaletten-einwegpaletten\/","og_site_name":"Europaletten - TOMA GmbH","article_modified_time":"2024-09-25T10:18:39+00:00","twitter_card":"summary_large_image","twitter_misc":{"Gesch\u00e4tzte Lesezeit":"2\u00a0Minuten"},"schema":{"@context":"https:\/\/schema.org","@graph":[{"@type":"WebPage","@id":"https:\/\/www.to-ma.at\/index.php\/aktionen-europaletten-einwegpaletten\/","url":"https:\/\/www.to-ma.at\/index.php\/aktionen-europaletten-einwegpaletten\/","name":"Aktionen - Europaletten - Einwegpaletten - verg\u00fcnstigte Ladungstr\u00e4ger","isPartOf":{"@id":"https:\/\/www.to-ma.at\/#website"},"datePublished":"2020-11-25T11:28:33+00:00","dateModified":"2024-09-25T10:18:39+00:00","description":"Besuchen Sie unsere Aktionen und finden Sie verg\u00fcnstigte Ladungstr\u00e4ger bei der TOMA GmbH","breadcrumb":{"@id":"https:\/\/www.to-ma.at\/index.php\/aktionen-europaletten-einwegpaletten\/#breadcrumb"},"inLanguage":"de","potentialAction":[{"@type":"ReadAction","target":["https:\/\/www.to-ma.at\/index.php\/aktionen-europaletten-einwegpaletten\/"]}]},{"@type":"BreadcrumbList","@id":"https:\/\/www.to-ma.at\/index.php\/aktionen-europaletten-einwegpaletten\/#breadcrumb","itemListElement":[{"@type":"ListItem","position":1,"name":"Startseite","item":"https:\/\/www.to-ma.at\/"},{"@type":"ListItem","position":2,"name":"Aktionen &#8211; Europaletten &#8211; Einwegpaletten"}]},{"@type":"WebSite","@id":"https:\/\/www.to-ma.at\/#website","url":"https:\/\/www.to-ma.at\/","name":"Europaletten - TOMA GmbH","description":"","publisher":{"@id":"https:\/\/www.to-ma.at\/#organization"},"potentialAction":[{"@type":"SearchAction","target":{"@type":"EntryPoint","urlTemplate":"https:\/\/www.to-ma.at\/?s={search_term_string}"},"query-input":{"@type":"PropertyValueSpecification","valueRequired":true,"valueName":"search_term_string"}}],"inLanguage":"de"},{"@type":"Organization","@id":"https:\/\/www.to-ma.at\/#organization","name":"TOMA GmbH","url":"https:\/\/www.to-ma.at\/","logo":{"@type":"ImageObject","inLanguage":"de","@id":"https:\/\/www.to-ma.at\/#\/schema\/logo\/image\/","url":"https:\/\/www.to-ma.at\/wp-content\/uploads\/2021\/04\/Tablogo1.jpg","contentUrl":"https:\/\/www.to-ma.at\/wp-content\/uploads\/2021\/04\/Tablogo1.jpg","width":512,"height":512,"caption":"TOMA GmbH"},"image":{"@id":"https:\/\/www.to-ma.at\/#\/schema\/logo\/image\/"},"sameAs":["https:\/\/www.instagram.com\/toma.paletten\/"]}]}},"_links":{"self":[{"href":"https:\/\/www.to-ma.at\/index.php\/wp-json\/wp\/v2\/pages\/1204"}],"collection":[{"href":"https:\/\/www.to-ma.at\/index.php\/wp-json\/wp\/v2\/pages"}],"about":[{"href":"https:\/\/www.to-ma.at\/index.php\/wp-json\/wp\/v2\/types\/page"}],"author":[{"embeddable":true,"href":"https:\/\/www.to-ma.at\/index.php\/wp-json\/wp\/v2\/users\/1"}],"replies":[{"embeddable":true,"href":"https:\/\/www.to-ma.at\/index.php\/wp-json\/wp\/v2\/comments?post=1204"}],"version-history":[{"count":72,"href":"https:\/\/www.to-ma.at\/index.php\/wp-json\/wp\/v2\/pages\/1204\/revisions"}],"predecessor-version":[{"id":3672,"href":"https:\/\/www.to-ma.at\/index.php\/wp-json\/wp\/v2\/pages\/1204\/revisions\/3672"}],"wp:attachment":[{"href":"https:\/\/www.to-ma.at\/index.php\/wp-json\/wp\/v2\/media?parent=1204"}],"curies":[{"name":"wp","href":"https:\/\/api.w.org\/{rel}","templated":true}]}}