{"id":11,"date":"2018-06-14T11:17:39","date_gmt":"2018-06-14T11:17:39","guid":{"rendered":"https:\/\/www.to-ma.at\/?page_id=11"},"modified":"2021-06-24T07:32:05","modified_gmt":"2021-06-24T07:32:05","slug":"service","status":"publish","type":"page","link":"https:\/\/www.to-ma.at\/index.php\/service\/","title":{"rendered":"Service Europaletten kaufen, Reparatur, Europaletten tausch TOMA GmbH"},"content":{"rendered":"<div class=\"fusion-fullwidth fullwidth-box fusion-builder-row-1 nonhundred-percent-fullwidth non-hundred-percent-height-scrolling\" style=\"background-color: #ffffff;background-position: center bottom;background-repeat: repeat-x;padding-top:3%;padding-right:0px;padding-bottom:8%;padding-left:0px;margin-bottom: 0px;margin-top: 0px;border-width: 0px 0px 0px 0px;border-color:#eae9e9;border-style:solid;\" ><div class=\"fusion-builder-row fusion-row\"><div class=\"fusion-layout-column fusion_builder_column fusion-builder-column-0 fusion_builder_column_1_3 1_3 fusion-one-third fusion-column-first fusion-column-inner-bg-wrapper fusion-column-hover-type-liftup fusion-column-liftup-border fusion-animated\" style=\"width:33.333333333333%;width:calc(33.333333333333% - ( ( 15px + 15px ) * 0.33333333333333 ) );margin-right: 15px;margin-top:40px;margin-bottom:40px;\" data-animationType=\"fadeInRight\" data-animationDuration=\"0.6\" data-animationOffset=\"100%\"><div class=\"fusion-column-wrapper fusion-flex-column-wrapper-legacy\" style=\"border-width: 8px 0 0 0;border-color:#153659;border-style:solid;border-radius:15px 15px 15px 15px;overflow:hidden;padding: 40px 5px 40px 12px;\" data-bg-url=\"https:\/\/www.to-ma.at\/wp-content\/uploads\/2018\/06\/avada-movers-rates-card-background-flip-final.jpg\"><style type=\"text\/css\"><\/style><div class=\"fusion-title title fusion-title-1 fusion-sep-none fusion-title-center fusion-title-text fusion-title-size-two\" style=\"margin-top:0px;margin-right:0px;margin-bottom:10px;margin-left:0px;\"><h2 class=\"title-heading-center fusion-responsive-typography-calculated\" style=\"margin:0;--fontSize:47;line-height:1.2;\"><p style=\"text-align: center;\">TAUSCH<\/p><\/h2><\/div><div class=\"imageframe-align-center\"><span class=\" fusion-imageframe imageframe-none imageframe-1 hover-type-none\" style=\"width:100%;max-width:288px;\"><img decoding=\"async\" width=\"488\" height=\"132\" alt=\"Paletten Tausch\" title=\"Paletten Tausch\" src=\"https:\/\/www.to-ma.at\/wp-content\/uploads\/2021\/02\/Design-ohne-Tite.png\" data-orig-src=\"https:\/\/www.to-ma.at\/wp-content\/uploads\/2021\/02\/Design-ohne-Tite.png\" class=\"lazyload img-responsive wp-image-1663\" srcset=\"data:image\/svg+xml,%3Csvg%20xmlns%3D%27http%3A%2F%2Fwww.w3.org%2F2000%2Fsvg%27%20width%3D%27488%27%20height%3D%27132%27%20viewBox%3D%270%200%20488%20132%27%3E%3Crect%20width%3D%27488%27%20height%3D%27132%27%20fill-opacity%3D%220%22%2F%3E%3C%2Fsvg%3E\" data-srcset=\"https:\/\/www.to-ma.at\/wp-content\/uploads\/2021\/02\/Design-ohne-Tite-200x54.png 200w, https:\/\/www.to-ma.at\/wp-content\/uploads\/2021\/02\/Design-ohne-Tite-400x108.png 400w, https:\/\/www.to-ma.at\/wp-content\/uploads\/2021\/02\/Design-ohne-Tite.png 488w\" data-sizes=\"auto\" data-orig-sizes=\"(max-width: 1000px) 100vw, 488px\" \/><\/span><\/div><div class=\"fusion-sep-clear\"><\/div><div class=\"fusion-separator\" style=\"margin-left: auto;margin-right: auto;margin-top:40px;margin-bottom:30px;width:100%;max-width:20%;\"><div class=\"fusion-separator-border sep-single\" style=\"border-color:#e0dede;border-top-width:2px;\"><\/div><\/div><div class=\"fusion-sep-clear\"><\/div><div class=\"fusion-text fusion-text-1\"><p class=\"Normal P-2\" style=\"text-align: center;\"><span class=\"C-4\"><strong>Sie m\u00f6chten ihre Europaletten eintauschen?<\/strong><\/span><\/p>\n<p style=\"text-align: center;\">Bei uns k\u00f6nnen Sie ihre defekten\/gebrauchten Europaletten gegen Neuwertige\/Neue Europaletten eintauschen. Informieren Sie sich bei uns \u00fcber die aktuellen Tauschkonditionen.<\/p>\n<\/div><div class=\"fusion-clearfix\"><\/div><\/div><span class=\"fusion-column-inner-bg hover-type-liftup\"><a class=\"fusion-column-anchor\"><span class=\"fusion-column-inner-bg-image lazyload\" style=\"background-color:#ffffff;background-position:left center;background-repeat:repeat-y;border-width: 8px 0 0 0;border-color:#153659;border-style:solid;border-radius:15px 15px 15px 15px;box-shadow:10px 10px 30px 6px ;;\" data-bg-height=\"1\" data-bg-width=\"800\" data-bg=\"https:\/\/www.to-ma.at\/wp-content\/uploads\/2018\/06\/avada-movers-rates-card-background-flip-final.jpg\"><\/span><\/a><\/span><style type=\"text\/css\">.fusion-builder-column-0 .hover-type-liftup:before{border-radius:15px 15px 15px 15px;}<\/style><\/div><div class=\"fusion-layout-column fusion_builder_column fusion-builder-column-1 fusion_builder_column_1_3 1_3 fusion-one-third fusion-column-inner-bg-wrapper fusion-column-hover-type-liftup fusion-column-liftup-border fusion-animated\" style=\"width:33.333333333333%;width:calc(33.333333333333% - ( ( 15px + 15px ) * 0.33333333333333 ) );margin-right: 15px;margin-top:0px;margin-bottom:20px;\" data-animationType=\"fadeInDown\" data-animationDuration=\"0.6\" data-animationOffset=\"100%\"><div class=\"fusion-column-wrapper fusion-flex-column-wrapper-legacy\" style=\"border-width: 8px 0 0 0;border-color:#153659;border-style:solid;border-radius:15px 15px 15px 15px;overflow:hidden;padding: 40px 7px 40px 8px;\"><style type=\"text\/css\"><\/style><div class=\"fusion-title title fusion-title-2 fusion-sep-none fusion-title-center fusion-title-text fusion-title-size-two\" style=\"margin-top:0px;margin-right:0px;margin-bottom:10px;margin-left:0px;\"><h2 class=\"title-heading-center fusion-responsive-typography-calculated\" style=\"margin:0;--fontSize:47;line-height:1.2;\"><p style=\"text-align: center;\">REPARATUR<\/p><\/h2><\/div><div class=\"imageframe-align-center\"><span class=\" fusion-imageframe imageframe-none imageframe-2 hover-type-none\" style=\"width:100%;max-width:256px;\"><img decoding=\"async\" width=\"488\" height=\"132\" alt=\"Paletten Reparatur\" title=\"Paletten Reparatur\" src=\"https:\/\/www.to-ma.at\/wp-content\/uploads\/2021\/02\/servicefoto2.png\" data-orig-src=\"https:\/\/www.to-ma.at\/wp-content\/uploads\/2021\/02\/servicefoto2.png\" class=\"lazyload img-responsive wp-image-1671\" srcset=\"data:image\/svg+xml,%3Csvg%20xmlns%3D%27http%3A%2F%2Fwww.w3.org%2F2000%2Fsvg%27%20width%3D%27488%27%20height%3D%27132%27%20viewBox%3D%270%200%20488%20132%27%3E%3Crect%20width%3D%27488%27%20height%3D%27132%27%20fill-opacity%3D%220%22%2F%3E%3C%2Fsvg%3E\" data-srcset=\"https:\/\/www.to-ma.at\/wp-content\/uploads\/2021\/02\/servicefoto2-200x54.png 200w, https:\/\/www.to-ma.at\/wp-content\/uploads\/2021\/02\/servicefoto2-400x108.png 400w, https:\/\/www.to-ma.at\/wp-content\/uploads\/2021\/02\/servicefoto2.png 488w\" data-sizes=\"auto\" data-orig-sizes=\"(max-width: 1000px) 100vw, 488px\" \/><\/span><\/div><div class=\"fusion-sep-clear\"><\/div><div class=\"fusion-separator\" style=\"margin-left: auto;margin-right: auto;margin-top:40px;margin-bottom:30px;width:100%;max-width:20%;\"><div class=\"fusion-separator-border sep-single\" style=\"border-color:#e0dede;border-top-width:2px;\"><\/div><\/div><div class=\"fusion-sep-clear\"><\/div><div class=\"fusion-text fusion-text-2\"><p style=\"text-align: center;\"><strong>Sie m\u00f6chten Ihre Paletten reparieren lassen?<\/strong><\/p>\n<p class=\"Normal P-2\" style=\"text-align: center;\">Als lizenzierter Reparaturbetrieb sind wir zur Instandsetzung besch\u00e4digter Europaletten autorisiert. F\u00fcr die Reparatur werden ausschlie\u00dflich genormte und zugelassene Bauteile verwendet. Zur Sicherstellung der Qualit\u00e4t, erfolgt regelm\u00e4\u00dfig eine Pr\u00fcfung durch unabh\u00e4ngige Gutachter.<\/p>\n<\/div><div class=\"fusion-clearfix\"><\/div><\/div><span class=\"fusion-column-inner-bg hover-type-liftup\"><a class=\"fusion-column-anchor\"><span class=\"fusion-column-inner-bg-image\" style=\"background-color:#ffffff;background-position:right center;background-repeat:repeat-y;border-width: 8px 0 0 0;border-color:#153659;border-style:solid;border-radius:15px 15px 15px 15px;box-shadow:10px 10px 48px 0px ;;\"><\/span><\/a><\/span><style type=\"text\/css\">.fusion-builder-column-1 .hover-type-liftup:before{border-radius:15px 15px 15px 15px;}<\/style><\/div><div class=\"fusion-layout-column fusion_builder_column fusion-builder-column-2 fusion_builder_column_1_3 1_3 fusion-one-third fusion-column-last fusion-column-inner-bg-wrapper fusion-column-hover-type-liftup fusion-column-liftup-border fusion-animated\" style=\"width:33.333333333333%;width:calc(33.333333333333% - ( ( 15px + 15px ) * 0.33333333333333 ) );margin-top:40px;margin-bottom:40px;\" data-animationType=\"fadeInRight\" data-animationDuration=\"0.6\" data-animationOffset=\"100%\"><div class=\"fusion-column-wrapper fusion-flex-column-wrapper-legacy\" style=\"border-width: 8px 0 0 0;border-color:#153659;border-style:solid;border-radius:15px 15px 15px 15px;overflow:hidden;padding: 48px 7px 40px 5px;\" data-bg-url=\"https:\/\/www.to-ma.at\/wp-content\/uploads\/2018\/06\/avada-movers-rates-card-background-flip-final.jpg\"><style type=\"text\/css\"><\/style><div class=\"fusion-title title fusion-title-3 fusion-sep-none fusion-title-center fusion-title-text fusion-title-size-two\" style=\"margin-top:0px;margin-right:0px;margin-bottom:10px;margin-left:0px;\"><h2 class=\"title-heading-center fusion-responsive-typography-calculated\" style=\"margin:0;--fontSize:47;line-height:1.2;\"><p style=\"text-align: center;\">ANKAUF<\/p><\/h2><\/div><div class=\"imageframe-align-center\"><span class=\" fusion-imageframe imageframe-none imageframe-3 hover-type-none\" style=\"width:100%;max-width:288px;\"><img decoding=\"async\" width=\"488\" height=\"132\" alt=\"Paletteneinkauf\" title=\"Paletteneinkauf\" src=\"https:\/\/www.to-ma.at\/wp-content\/uploads\/2021\/02\/Design-ohne-Titel.png\" data-orig-src=\"https:\/\/www.to-ma.at\/wp-content\/uploads\/2021\/02\/Design-ohne-Titel.png\" class=\"lazyload img-responsive wp-image-1665\" srcset=\"data:image\/svg+xml,%3Csvg%20xmlns%3D%27http%3A%2F%2Fwww.w3.org%2F2000%2Fsvg%27%20width%3D%27488%27%20height%3D%27132%27%20viewBox%3D%270%200%20488%20132%27%3E%3Crect%20width%3D%27488%27%20height%3D%27132%27%20fill-opacity%3D%220%22%2F%3E%3C%2Fsvg%3E\" data-srcset=\"https:\/\/www.to-ma.at\/wp-content\/uploads\/2021\/02\/Design-ohne-Titel-200x54.png 200w, https:\/\/www.to-ma.at\/wp-content\/uploads\/2021\/02\/Design-ohne-Titel-400x108.png 400w, https:\/\/www.to-ma.at\/wp-content\/uploads\/2021\/02\/Design-ohne-Titel.png 488w\" data-sizes=\"auto\" data-orig-sizes=\"(max-width: 1000px) 100vw, 488px\" \/><\/span><\/div><div class=\"fusion-sep-clear\"><\/div><div class=\"fusion-separator\" style=\"margin-left: auto;margin-right: auto;margin-top:40px;margin-bottom:30px;width:100%;max-width:20%;\"><div class=\"fusion-separator-border sep-single\" style=\"border-color:#e0dede;border-top-width:2px;\"><\/div><\/div><div class=\"fusion-sep-clear\"><\/div><div class=\"fusion-text fusion-text-3\"><p class=\"Normal P-2\" style=\"text-align: center;\"><span class=\"C-4\"><strong>Sie haben \u00fcbersch\u00fcssige Lademittel?<\/strong><\/span><\/p>\n<p style=\"text-align: center;\">Wir kaufen gerne Ihre neuen und gebrauchten Ladungstr\u00e4ger an. Lassen Sie sich ein Angebot von uns unterbreiten. Bei einer gr\u00f6\u00dferen St\u00fcckzahl holen wir die Lademittel zudem bei Ihnen ab.<\/p>\n<\/div><div class=\"fusion-clearfix\"><\/div><\/div><span class=\"fusion-column-inner-bg hover-type-liftup\"><a class=\"fusion-column-anchor\"><span class=\"fusion-column-inner-bg-image lazyload\" style=\"background-color:#ffffff;background-position:left center;background-repeat:repeat-y;border-width: 8px 0 0 0;border-color:#153659;border-style:solid;border-radius:15px 15px 15px 15px;box-shadow:10px 10px 30px 6px ;;\" data-bg-height=\"1\" data-bg-width=\"800\" data-bg=\"https:\/\/www.to-ma.at\/wp-content\/uploads\/2018\/06\/avada-movers-rates-card-background-flip-final.jpg\"><\/span><\/a><\/span><style type=\"text\/css\">.fusion-builder-column-2 .hover-type-liftup:before{border-radius:15px 15px 15px 15px;}<\/style><\/div><\/div><style type=\"text\/css\">.fusion-fullwidth.fusion-builder-row-1 a:not(.awb-custom-text-color):not(.fusion-button):not(.fusion-builder-module-control):not(.fusion-social-network-icon):not(.fb-icon-element):not(.fusion-countdown-link):not(.fusion-rollover-link):not(.fusion-rollover-gallery):not(.fusion-button-bar):not(.add_to_cart_button):not(.show_details_button):not(.product_type_external):not(.fusion-view-cart):not(.fusion-quick-view):not(.fusion-rollover-title-link):not(.fusion-breadcrumb-link) , .fusion-fullwidth.fusion-builder-row-1 a:not(.awb-custom-text-color):not(.fusion-button):not(.fusion-builder-module-control):not(.fusion-social-network-icon):not(.fb-icon-element):not(.fusion-countdown-link):not(.fusion-rollover-link):not(.fusion-rollover-gallery):not(.fusion-button-bar):not(.add_to_cart_button):not(.show_details_button):not(.product_type_external):not(.fusion-view-cart):not(.fusion-quick-view):not(.fusion-rollover-title-link):not(.fusion-breadcrumb-link):before, .fusion-fullwidth.fusion-builder-row-1 a:not(.awb-custom-text-color):not(.fusion-button):not(.fusion-builder-module-control):not(.fusion-social-network-icon):not(.fb-icon-element):not(.fusion-countdown-link):not(.fusion-rollover-link):not(.fusion-rollover-gallery):not(.fusion-button-bar):not(.add_to_cart_button):not(.show_details_button):not(.product_type_external):not(.fusion-view-cart):not(.fusion-quick-view):not(.fusion-rollover-title-link):not(.fusion-breadcrumb-link):after {color: rgba(0,0,0,0.68);}.fusion-fullwidth.fusion-builder-row-1 a:not(.awb-custom-text-hover-color):not(.fusion-button):not(.fusion-builder-module-control):not(.fusion-social-network-icon):not(.fb-icon-element):not(.fusion-countdown-link):not(.fusion-rollover-link):not(.fusion-rollover-gallery):not(.fusion-button-bar):not(.add_to_cart_button):not(.show_details_button):not(.product_type_external):not(.fusion-view-cart):not(.fusion-quick-view):not(.fusion-rollover-title-link):not(.fusion-breadcrumb-link):hover, .fusion-fullwidth.fusion-builder-row-1 a:not(.awb-custom-text-hover-color):not(.fusion-button):not(.fusion-builder-module-control):not(.fusion-social-network-icon):not(.fb-icon-element):not(.fusion-countdown-link):not(.fusion-rollover-link):not(.fusion-rollover-gallery):not(.fusion-button-bar):not(.add_to_cart_button):not(.show_details_button):not(.product_type_external):not(.fusion-view-cart):not(.fusion-quick-view):not(.fusion-rollover-title-link):not(.fusion-breadcrumb-link):hover:before, .fusion-fullwidth.fusion-builder-row-1 a:not(.awb-custom-text-hover-color):not(.fusion-button):not(.fusion-builder-module-control):not(.fusion-social-network-icon):not(.fb-icon-element):not(.fusion-countdown-link):not(.fusion-rollover-link):not(.fusion-rollover-gallery):not(.fusion-button-bar):not(.add_to_cart_button):not(.show_details_button):not(.product_type_external):not(.fusion-view-cart):not(.fusion-quick-view):not(.fusion-rollover-title-link):not(.fusion-breadcrumb-link):hover:after {color: #000000;}.fusion-fullwidth.fusion-builder-row-1 .pagination a.inactive:hover, .fusion-fullwidth.fusion-builder-row-1 .fusion-filters .fusion-filter.fusion-active a {border-color: #000000;}.fusion-fullwidth.fusion-builder-row-1 .pagination .current {border-color: #000000; background-color: #000000;}.fusion-fullwidth.fusion-builder-row-1 .fusion-filters .fusion-filter.fusion-active a, .fusion-fullwidth.fusion-builder-row-1 .fusion-date-and-formats .fusion-format-box, .fusion-fullwidth.fusion-builder-row-1 .fusion-popover, .fusion-fullwidth.fusion-builder-row-1 .tooltip-shortcode {color: #000000;}#wrapper .fusion-fullwidth.fusion-builder-row-1 .fusion-widget-area .fusion-vertical-menu-widget .menu li.current_page_ancestor > a, #wrapper .fusion-fullwidth.fusion-builder-row-1 .fusion-widget-area .fusion-vertical-menu-widget .menu li.current_page_ancestor > a:before, #wrapper .fusion-fullwidth.fusion-builder-row-1 .fusion-widget-area .fusion-vertical-menu-widget .current-menu-item > a, #wrapper .fusion-fullwidth.fusion-builder-row-1 .fusion-widget-area .fusion-vertical-menu-widget .current-menu-item > a:before, #wrapper .fusion-fullwidth.fusion-builder-row-1 .fusion-widget-area .fusion-vertical-menu-widget .current_page_item > a, #wrapper .fusion-fullwidth.fusion-builder-row-1 .fusion-widget-area .fusion-vertical-menu-widget .current_page_item > a:before {color: #000000;}#wrapper .fusion-fullwidth.fusion-builder-row-1 .fusion-widget-area .widget_nav_menu .menu li.current_page_ancestor > a, #wrapper .fusion-fullwidth.fusion-builder-row-1 .fusion-widget-area .widget_nav_menu .menu li.current_page_ancestor > a:before, #wrapper .fusion-fullwidth.fusion-builder-row-1 .fusion-widget-area .widget_nav_menu .current-menu-item > a, #wrapper .fusion-fullwidth.fusion-builder-row-1 .fusion-widget-area .widget_nav_menu .current-menu-item > a:before, #wrapper .fusion-fullwidth.fusion-builder-row-1 .fusion-widget-area .widget_nav_menu .current_page_item > a, #wrapper .fusion-fullwidth.fusion-builder-row-1 .fusion-widget-area .widget_nav_menu .current_page_item > a:before {color: #000000;}#wrapper .fusion-fullwidth.fusion-builder-row-1 .fusion-vertical-menu-widget .menu li.current_page_item > a { border-right-color:#000000;border-left-color:#000000;}#wrapper .fusion-fullwidth.fusion-builder-row-1 .fusion-widget-area .tagcloud a:hover { color: #fff; background-color: #000000;border-color: #000000;}#main .fusion-fullwidth.fusion-builder-row-1 .post .blog-shortcode-post-title a:hover {color: #000000;}<\/style><\/div>\n","protected":false},"excerpt":{"rendered":"","protected":false},"author":1,"featured_media":0,"parent":0,"menu_order":0,"comment_status":"closed","ping_status":"closed","template":"100-width.php","meta":{"footnotes":""},"class_list":["post-11","page","type-page","status-publish","hentry"],"yoast_head":"<!-- This site is optimized with the Yoast SEO plugin v23.5 - https:\/\/yoast.com\/wordpress\/plugins\/seo\/ -->\n<title>Service Europaletten kaufen, Reparatur, Europaletten tausch TOMA GmbH<\/title>\n<meta name=\"description\" content=\"Europaletten kaufen, Tauschen oder Reparieren lassen. TOMA GmbH ihr Paletten Dienstleister. Kontaktieren Sie uns!\" \/>\n<meta name=\"robots\" content=\"index, follow, max-snippet:-1, max-image-preview:large, max-video-preview:-1\" \/>\n<link rel=\"canonical\" href=\"https:\/\/www.to-ma.at\/index.php\/service\/\" \/>\n<meta property=\"og:locale\" content=\"de_DE\" \/>\n<meta property=\"og:type\" content=\"article\" \/>\n<meta property=\"og:title\" content=\"Service Europaletten kaufen, Reparatur, Europaletten tausch TOMA GmbH\" \/>\n<meta property=\"og:description\" content=\"Europaletten kaufen, Tauschen oder Reparieren lassen. TOMA GmbH ihr Paletten Dienstleister. Kontaktieren Sie uns!\" \/>\n<meta property=\"og:url\" content=\"https:\/\/www.to-ma.at\/index.php\/service\/\" \/>\n<meta property=\"og:site_name\" content=\"Europaletten - TOMA GmbH\" \/>\n<meta property=\"article:modified_time\" content=\"2021-06-24T07:32:05+00:00\" \/>\n<meta name=\"twitter:card\" content=\"summary_large_image\" \/>\n<meta name=\"twitter:label1\" content=\"Gesch\u00e4tzte Lesezeit\" \/>\n\t<meta name=\"twitter:data1\" content=\"9\u00a0Minuten\" \/>\n<script type=\"application\/ld+json\" class=\"yoast-schema-graph\">{\"@context\":\"https:\/\/schema.org\",\"@graph\":[{\"@type\":\"WebPage\",\"@id\":\"https:\/\/www.to-ma.at\/index.php\/service\/\",\"url\":\"https:\/\/www.to-ma.at\/index.php\/service\/\",\"name\":\"Service Europaletten kaufen, Reparatur, Europaletten tausch TOMA GmbH\",\"isPartOf\":{\"@id\":\"https:\/\/www.to-ma.at\/#website\"},\"datePublished\":\"2018-06-14T11:17:39+00:00\",\"dateModified\":\"2021-06-24T07:32:05+00:00\",\"description\":\"Europaletten kaufen, Tauschen oder Reparieren lassen. TOMA GmbH ihr Paletten Dienstleister. Kontaktieren Sie uns!\",\"breadcrumb\":{\"@id\":\"https:\/\/www.to-ma.at\/index.php\/service\/#breadcrumb\"},\"inLanguage\":\"de\",\"potentialAction\":[{\"@type\":\"ReadAction\",\"target\":[\"https:\/\/www.to-ma.at\/index.php\/service\/\"]}]},{\"@type\":\"BreadcrumbList\",\"@id\":\"https:\/\/www.to-ma.at\/index.php\/service\/#breadcrumb\",\"itemListElement\":[{\"@type\":\"ListItem\",\"position\":1,\"name\":\"Startseite\",\"item\":\"https:\/\/www.to-ma.at\/\"},{\"@type\":\"ListItem\",\"position\":2,\"name\":\"Service Europaletten kaufen, Reparatur, Europaletten tausch TOMA GmbH\"}]},{\"@type\":\"WebSite\",\"@id\":\"https:\/\/www.to-ma.at\/#website\",\"url\":\"https:\/\/www.to-ma.at\/\",\"name\":\"Europaletten - TOMA GmbH\",\"description\":\"\",\"publisher\":{\"@id\":\"https:\/\/www.to-ma.at\/#organization\"},\"potentialAction\":[{\"@type\":\"SearchAction\",\"target\":{\"@type\":\"EntryPoint\",\"urlTemplate\":\"https:\/\/www.to-ma.at\/?s={search_term_string}\"},\"query-input\":{\"@type\":\"PropertyValueSpecification\",\"valueRequired\":true,\"valueName\":\"search_term_string\"}}],\"inLanguage\":\"de\"},{\"@type\":\"Organization\",\"@id\":\"https:\/\/www.to-ma.at\/#organization\",\"name\":\"TOMA GmbH\",\"url\":\"https:\/\/www.to-ma.at\/\",\"logo\":{\"@type\":\"ImageObject\",\"inLanguage\":\"de\",\"@id\":\"https:\/\/www.to-ma.at\/#\/schema\/logo\/image\/\",\"url\":\"https:\/\/www.to-ma.at\/wp-content\/uploads\/2021\/04\/Tablogo1.jpg\",\"contentUrl\":\"https:\/\/www.to-ma.at\/wp-content\/uploads\/2021\/04\/Tablogo1.jpg\",\"width\":512,\"height\":512,\"caption\":\"TOMA GmbH\"},\"image\":{\"@id\":\"https:\/\/www.to-ma.at\/#\/schema\/logo\/image\/\"},\"sameAs\":[\"https:\/\/www.instagram.com\/toma.paletten\/\"]}]}<\/script>\n<!-- \/ Yoast SEO plugin. -->","yoast_head_json":{"title":"Service Europaletten kaufen, Reparatur, Europaletten tausch TOMA GmbH","description":"Europaletten kaufen, Tauschen oder Reparieren lassen. TOMA GmbH ihr Paletten Dienstleister. Kontaktieren Sie uns!","robots":{"index":"index","follow":"follow","max-snippet":"max-snippet:-1","max-image-preview":"max-image-preview:large","max-video-preview":"max-video-preview:-1"},"canonical":"https:\/\/www.to-ma.at\/index.php\/service\/","og_locale":"de_DE","og_type":"article","og_title":"Service Europaletten kaufen, Reparatur, Europaletten tausch TOMA GmbH","og_description":"Europaletten kaufen, Tauschen oder Reparieren lassen. TOMA GmbH ihr Paletten Dienstleister. Kontaktieren Sie uns!","og_url":"https:\/\/www.to-ma.at\/index.php\/service\/","og_site_name":"Europaletten - TOMA GmbH","article_modified_time":"2021-06-24T07:32:05+00:00","twitter_card":"summary_large_image","twitter_misc":{"Gesch\u00e4tzte Lesezeit":"9\u00a0Minuten"},"schema":{"@context":"https:\/\/schema.org","@graph":[{"@type":"WebPage","@id":"https:\/\/www.to-ma.at\/index.php\/service\/","url":"https:\/\/www.to-ma.at\/index.php\/service\/","name":"Service Europaletten kaufen, Reparatur, Europaletten tausch TOMA GmbH","isPartOf":{"@id":"https:\/\/www.to-ma.at\/#website"},"datePublished":"2018-06-14T11:17:39+00:00","dateModified":"2021-06-24T07:32:05+00:00","description":"Europaletten kaufen, Tauschen oder Reparieren lassen. TOMA GmbH ihr Paletten Dienstleister. Kontaktieren Sie uns!","breadcrumb":{"@id":"https:\/\/www.to-ma.at\/index.php\/service\/#breadcrumb"},"inLanguage":"de","potentialAction":[{"@type":"ReadAction","target":["https:\/\/www.to-ma.at\/index.php\/service\/"]}]},{"@type":"BreadcrumbList","@id":"https:\/\/www.to-ma.at\/index.php\/service\/#breadcrumb","itemListElement":[{"@type":"ListItem","position":1,"name":"Startseite","item":"https:\/\/www.to-ma.at\/"},{"@type":"ListItem","position":2,"name":"Service Europaletten kaufen, Reparatur, Europaletten tausch TOMA GmbH"}]},{"@type":"WebSite","@id":"https:\/\/www.to-ma.at\/#website","url":"https:\/\/www.to-ma.at\/","name":"Europaletten - TOMA GmbH","description":"","publisher":{"@id":"https:\/\/www.to-ma.at\/#organization"},"potentialAction":[{"@type":"SearchAction","target":{"@type":"EntryPoint","urlTemplate":"https:\/\/www.to-ma.at\/?s={search_term_string}"},"query-input":{"@type":"PropertyValueSpecification","valueRequired":true,"valueName":"search_term_string"}}],"inLanguage":"de"},{"@type":"Organization","@id":"https:\/\/www.to-ma.at\/#organization","name":"TOMA GmbH","url":"https:\/\/www.to-ma.at\/","logo":{"@type":"ImageObject","inLanguage":"de","@id":"https:\/\/www.to-ma.at\/#\/schema\/logo\/image\/","url":"https:\/\/www.to-ma.at\/wp-content\/uploads\/2021\/04\/Tablogo1.jpg","contentUrl":"https:\/\/www.to-ma.at\/wp-content\/uploads\/2021\/04\/Tablogo1.jpg","width":512,"height":512,"caption":"TOMA GmbH"},"image":{"@id":"https:\/\/www.to-ma.at\/#\/schema\/logo\/image\/"},"sameAs":["https:\/\/www.instagram.com\/toma.paletten\/"]}]}},"_links":{"self":[{"href":"https:\/\/www.to-ma.at\/index.php\/wp-json\/wp\/v2\/pages\/11"}],"collection":[{"href":"https:\/\/www.to-ma.at\/index.php\/wp-json\/wp\/v2\/pages"}],"about":[{"href":"https:\/\/www.to-ma.at\/index.php\/wp-json\/wp\/v2\/types\/page"}],"author":[{"embeddable":true,"href":"https:\/\/www.to-ma.at\/index.php\/wp-json\/wp\/v2\/users\/1"}],"replies":[{"embeddable":true,"href":"https:\/\/www.to-ma.at\/index.php\/wp-json\/wp\/v2\/comments?post=11"}],"version-history":[{"count":137,"href":"https:\/\/www.to-ma.at\/index.php\/wp-json\/wp\/v2\/pages\/11\/revisions"}],"predecessor-version":[{"id":3629,"href":"https:\/\/www.to-ma.at\/index.php\/wp-json\/wp\/v2\/pages\/11\/revisions\/3629"}],"wp:attachment":[{"href":"https:\/\/www.to-ma.at\/index.php\/wp-json\/wp\/v2\/media?parent=11"}],"curies":[{"name":"wp","href":"https:\/\/api.w.org\/{rel}","templated":true}]}}